{"id":7683,"date":"2025-08-29T16:50:49","date_gmt":"2025-08-29T22:50:49","guid":{"rendered":"https:\/\/isasoft.net\/?page_id=7683"},"modified":"2026-01-06T15:35:59","modified_gmt":"2026-01-06T21:35:59","slug":"contacto-2","status":"publish","type":"page","link":"https:\/\/isasoft.net\/index.php\/contacto-2\/","title":{"rendered":"Contacto"},"content":{"rendered":"\t\t<div data-elementor-type=\"wp-page\" data-elementor-id=\"7683\" class=\"elementor elementor-7683\">\n\t\t\t\t\t\t<section class=\"elementor-section elementor-top-section elementor-element elementor-element-bcb916e elementor-section-full_width elementor-section-height-default elementor-section-height-default\" data-id=\"bcb916e\" data-element_type=\"section\" data-e-type=\"section\">\n\t\t\t\t\t\t<div class=\"elementor-container elementor-column-gap-default\">\n\t\t\t\t\t<div class=\"elementor-column elementor-col-100 elementor-top-column elementor-element elementor-element-967f829\" data-id=\"967f829\" data-element_type=\"column\" data-e-type=\"column\">\n\t\t\t<div class=\"elementor-widget-wrap elementor-element-populated\">\n\t\t\t\t\t\t<section class=\"elementor-section elementor-inner-section elementor-element elementor-element-9a2fb2e elementor-section-boxed elementor-section-height-default elementor-section-height-default\" data-id=\"9a2fb2e\" data-element_type=\"section\" data-e-type=\"section\">\n\t\t\t\t\t\t<div class=\"elementor-container elementor-column-gap-default\">\n\t\t\t\t\t<div class=\"elementor-column elementor-col-100 elementor-inner-column elementor-element elementor-element-f4b7570\" data-id=\"f4b7570\" data-element_type=\"column\" data-e-type=\"column\">\n\t\t\t<div class=\"elementor-widget-wrap elementor-element-populated\">\n\t\t\t\t\t\t<div class=\"elementor-element elementor-element-7994fc2 elementor-invisible elementor-widget elementor-widget-nioland-title-v1\" data-id=\"7994fc2\" data-element_type=\"widget\" data-e-type=\"widget\" data-settings=\"{&quot;_animation&quot;:&quot;fadeInUp&quot;}\" data-widget_type=\"nioland-title-v1.default\">\n\t\t\t\t<div class=\"elementor-widget-container\">\n\t\t\t\t\t\r\n                    <div class=\"section_title type_two  arrow_enable\">\r\n                            <div class=\"overline-title\"> CONTACTO CON SOPORTE T\u00c9CNICO<\/div>\r\n             \r\n                                                                <div class=\"title_whole position-relative\">\r\n                                            <h2 class=\"title\">\r\n                             Cont\u00e1ctanos  \r\n                        <\/h2>\r\n                                    <\/div>\r\n                                                 \r\n                            <p class=\"lead\"> Cont\u00e1ctanos para obtener asistencia personalizada. Estamos aqu\u00ed para ayudarte y ofrecerte soluciones adaptadas a tus necesidades.<\/p>\r\n                    <\/div>\r\n                    \t\t\t\t<\/div>\n\t\t\t\t<\/div>\n\t\t\t\t\t<\/div>\n\t\t<\/div>\n\t\t\t\t\t<\/div>\n\t\t<\/section>\n\t\t\t\t\t<\/div>\n\t\t<\/div>\n\t\t\t\t\t<\/div>\n\t\t<\/section>\n\t\t\t\t<section class=\"elementor-section elementor-top-section elementor-element elementor-element-9834e5c elementor-hidden-desktop elementor-hidden-tablet elementor-hidden-mobile elementor-section-boxed elementor-section-height-default elementor-section-height-default\" data-id=\"9834e5c\" data-element_type=\"section\" data-e-type=\"section\">\n\t\t\t\t\t\t<div class=\"elementor-container elementor-column-gap-default\">\n\t\t\t\t\t<div class=\"elementor-column elementor-col-100 elementor-top-column elementor-element elementor-element-76ad486\" data-id=\"76ad486\" data-element_type=\"column\" data-e-type=\"column\">\n\t\t\t<div class=\"elementor-widget-wrap elementor-element-populated\">\n\t\t\t\t\t\t<div class=\"elementor-element elementor-element-8bb755a elementor-widget elementor-widget-nioland-contact-form-v1\" data-id=\"8bb755a\" data-element_type=\"widget\" data-e-type=\"widget\" data-widget_type=\"nioland-contact-form-v1.default\">\n\t\t\t\t<div class=\"elementor-widget-container\">\n\t\t\t\t\t \r\n    <section class=\"contact_form_box_all\">\r\n        <div class=\"contact_form_shortcode\">\r\n                                                \n<div class=\"wpcf7 no-js\" id=\"wpcf7-f6-o1\" lang=\"es-ES\" dir=\"ltr\" data-wpcf7-id=\"6\">\n<div class=\"screen-reader-response\"><p role=\"status\" aria-live=\"polite\" aria-atomic=\"true\"><\/p> <ul><\/ul><\/div>\n<form action=\"\/index.php\/wp-json\/wp\/v2\/pages\/7683#wpcf7-f6-o1\" method=\"post\" class=\"wpcf7-form init\" aria-label=\"Formulario de contacto\" novalidate=\"novalidate\" data-status=\"init\">\n<fieldset class=\"hidden-fields-container\"><input type=\"hidden\" name=\"_wpcf7\" value=\"6\" \/><input type=\"hidden\" name=\"_wpcf7_version\" value=\"6.1.5\" \/><input type=\"hidden\" name=\"_wpcf7_locale\" value=\"es_ES\" \/><input type=\"hidden\" name=\"_wpcf7_unit_tag\" value=\"wpcf7-f6-o1\" \/><input type=\"hidden\" name=\"_wpcf7_container_post\" value=\"0\" \/><input type=\"hidden\" name=\"_wpcf7_posted_data_hash\" value=\"\" \/>\n<\/fieldset>\n<div class=\"wpcf7-turnstile cf-turnstile\" data-sitekey=\"0x4AAAAAACutCFOhN_pOXUGs\" data-response-field-name=\"_wpcf7_turnstile_response\"><\/div>\n\n<p><label> Nombre personal<br \/>\n<span class=\"wpcf7-form-control-wrap\" data-name=\"your-name\"><input size=\"40\" maxlength=\"400\" class=\"wpcf7-form-control wpcf7-text wpcf7-validates-as-required\" autocomplete=\"name\" aria-required=\"true\" aria-invalid=\"false\" value=\"\" type=\"text\" name=\"your-name\" \/><\/span> <\/label>\n<\/p>\n<p><label> Nombre de empresa que representa<br \/>\n<span class=\"wpcf7-form-control-wrap\" data-name=\"your-subject\"><input size=\"40\" maxlength=\"400\" class=\"wpcf7-form-control wpcf7-text wpcf7-validates-as-required\" aria-required=\"true\" aria-invalid=\"false\" value=\"\" type=\"text\" name=\"your-subject\" \/><\/span> <\/label>\n<\/p>\n<p><label> Correo electr\u00f3nico e-mail<br \/>\n<span class=\"wpcf7-form-control-wrap\" data-name=\"your-email\"><input size=\"40\" maxlength=\"400\" class=\"wpcf7-form-control wpcf7-email wpcf7-validates-as-required wpcf7-text wpcf7-validates-as-email\" autocomplete=\"email\" aria-required=\"true\" aria-invalid=\"false\" value=\"\" type=\"email\" name=\"your-email\" \/><\/span> <\/label>\n<\/p>\n<p><span class=\"wpcf7-form-control-wrap\" data-name=\"select-717\"><select class=\"wpcf7-form-control wpcf7-select wpcf7-validates-as-required Desplegable-class\" aria-required=\"true\" aria-invalid=\"false\" name=\"select-717\"><option value=\"Desarrollo de Sistema Inform\u00e1tico (Software y Redes)\">Desarrollo de Sistema Inform\u00e1tico (Software y Redes)<\/option><option value=\"Seguridad Inform\u00e1tica Intangible y Tangible\">Seguridad Inform\u00e1tica Intangible y Tangible<\/option><option value=\"Servicios de Gesti\u00f3n de \u00c1reas y\/o Procesos de Tecnolog\u00edas de la Informaci\u00f3n\">Servicios de Gesti\u00f3n de \u00c1reas y\/o Procesos de Tecnolog\u00edas de la Informaci\u00f3n<\/option><\/select><\/span>\n<\/p>\n<p><label> Lugar de donde nos contactas (Municipio, Estado, Pa\u00eds)<br \/>\n<span class=\"wpcf7-form-control-wrap\" data-name=\"your-message\"><textarea cols=\"40\" rows=\"10\" maxlength=\"2000\" class=\"wpcf7-form-control wpcf7-textarea\" aria-invalid=\"false\" name=\"your-message\"><\/textarea><\/span> <\/label>\n<\/p>\n<p><label> Notas o mensaje particular que desees hacernos saber<br \/>\n<span class=\"wpcf7-form-control-wrap\" data-name=\"your-message\"><textarea cols=\"40\" rows=\"10\" maxlength=\"2000\" class=\"wpcf7-form-control wpcf7-textarea\" aria-invalid=\"false\" name=\"your-message\"><\/textarea><\/span> <\/label>\n<\/p>\n<p><input class=\"wpcf7-form-control wpcf7-submit has-spinner\" type=\"submit\" value=\"Enviar\" \/>\n<\/p><div class=\"wpcf7-response-output\" aria-hidden=\"true\"><\/div>\n<\/form>\n<\/div>\n                                \r\n        <\/div>\r\n    <\/section>\r\n \r\n\t\t\t\t\t\t<\/div>\n\t\t\t\t<\/div>\n\t\t\t\t\t<\/div>\n\t\t<\/div>\n\t\t\t\t\t<\/div>\n\t\t<\/section>\n\t\t<div class=\"elementor-element elementor-element-2347285 e-flex e-con-boxed e-con e-parent\" data-id=\"2347285\" data-element_type=\"container\" data-e-type=\"container\">\n\t\t\t\t\t<div class=\"e-con-inner\">\n\t\t<div class=\"elementor-element elementor-element-5bd2d5d e-con-full e-flex e-con e-child\" data-id=\"5bd2d5d\" data-element_type=\"container\" data-e-type=\"container\">\n\t\t\t\t<div class=\"elementor-element elementor-element-1b1c0f7 elementor-widget elementor-widget-nioland-contact-form-v1\" data-id=\"1b1c0f7\" data-element_type=\"widget\" data-e-type=\"widget\" data-widget_type=\"nioland-contact-form-v1.default\">\n\t\t\t\t<div class=\"elementor-widget-container\">\n\t\t\t\t\t \r\n    <section class=\"contact_form_box_all\">\r\n        <div class=\"contact_form_shortcode\">\r\n                                                \n<div class=\"wpcf7 no-js\" id=\"wpcf7-f6-o2\" lang=\"es-ES\" dir=\"ltr\" data-wpcf7-id=\"6\">\n<div class=\"screen-reader-response\"><p role=\"status\" aria-live=\"polite\" aria-atomic=\"true\"><\/p> <ul><\/ul><\/div>\n<form action=\"\/index.php\/wp-json\/wp\/v2\/pages\/7683#wpcf7-f6-o2\" method=\"post\" class=\"wpcf7-form init\" aria-label=\"Formulario de contacto\" novalidate=\"novalidate\" data-status=\"init\">\n<fieldset class=\"hidden-fields-container\"><input type=\"hidden\" name=\"_wpcf7\" value=\"6\" \/><input type=\"hidden\" name=\"_wpcf7_version\" value=\"6.1.5\" \/><input type=\"hidden\" name=\"_wpcf7_locale\" value=\"es_ES\" \/><input type=\"hidden\" name=\"_wpcf7_unit_tag\" value=\"wpcf7-f6-o2\" \/><input type=\"hidden\" name=\"_wpcf7_container_post\" value=\"0\" \/><input type=\"hidden\" name=\"_wpcf7_posted_data_hash\" value=\"\" \/>\n<\/fieldset>\n<div class=\"wpcf7-turnstile cf-turnstile\" data-sitekey=\"0x4AAAAAACutCFOhN_pOXUGs\" data-response-field-name=\"_wpcf7_turnstile_response\"><\/div>\n\n<p><label> Nombre personal<br \/>\n<span class=\"wpcf7-form-control-wrap\" data-name=\"your-name\"><input size=\"40\" maxlength=\"400\" class=\"wpcf7-form-control wpcf7-text wpcf7-validates-as-required\" autocomplete=\"name\" aria-required=\"true\" aria-invalid=\"false\" value=\"\" type=\"text\" name=\"your-name\" \/><\/span> <\/label>\n<\/p>\n<p><label> Nombre de empresa que representa<br \/>\n<span class=\"wpcf7-form-control-wrap\" data-name=\"your-subject\"><input size=\"40\" maxlength=\"400\" class=\"wpcf7-form-control wpcf7-text wpcf7-validates-as-required\" aria-required=\"true\" aria-invalid=\"false\" value=\"\" type=\"text\" name=\"your-subject\" \/><\/span> <\/label>\n<\/p>\n<p><label> Correo electr\u00f3nico e-mail<br \/>\n<span class=\"wpcf7-form-control-wrap\" data-name=\"your-email\"><input size=\"40\" maxlength=\"400\" class=\"wpcf7-form-control wpcf7-email wpcf7-validates-as-required wpcf7-text wpcf7-validates-as-email\" autocomplete=\"email\" aria-required=\"true\" aria-invalid=\"false\" value=\"\" type=\"email\" name=\"your-email\" \/><\/span> <\/label>\n<\/p>\n<p><span class=\"wpcf7-form-control-wrap\" data-name=\"select-717\"><select class=\"wpcf7-form-control wpcf7-select wpcf7-validates-as-required Desplegable-class\" aria-required=\"true\" aria-invalid=\"false\" name=\"select-717\"><option value=\"Desarrollo de Sistema Inform\u00e1tico (Software y Redes)\">Desarrollo de Sistema Inform\u00e1tico (Software y Redes)<\/option><option value=\"Seguridad Inform\u00e1tica Intangible y Tangible\">Seguridad Inform\u00e1tica Intangible y Tangible<\/option><option value=\"Servicios de Gesti\u00f3n de \u00c1reas y\/o Procesos de Tecnolog\u00edas de la Informaci\u00f3n\">Servicios de Gesti\u00f3n de \u00c1reas y\/o Procesos de Tecnolog\u00edas de la Informaci\u00f3n<\/option><\/select><\/span>\n<\/p>\n<p><label> Lugar de donde nos contactas (Municipio, Estado, Pa\u00eds)<br \/>\n<span class=\"wpcf7-form-control-wrap\" data-name=\"your-message\"><textarea cols=\"40\" rows=\"10\" maxlength=\"2000\" class=\"wpcf7-form-control wpcf7-textarea\" aria-invalid=\"false\" name=\"your-message\"><\/textarea><\/span> <\/label>\n<\/p>\n<p><label> Notas o mensaje particular que desees hacernos saber<br \/>\n<span class=\"wpcf7-form-control-wrap\" data-name=\"your-message\"><textarea cols=\"40\" rows=\"10\" maxlength=\"2000\" class=\"wpcf7-form-control wpcf7-textarea\" aria-invalid=\"false\" name=\"your-message\"><\/textarea><\/span> <\/label>\n<\/p>\n<p><input class=\"wpcf7-form-control wpcf7-submit has-spinner\" type=\"submit\" value=\"Enviar\" \/>\n<\/p><div class=\"wpcf7-response-output\" aria-hidden=\"true\"><\/div>\n<\/form>\n<\/div>\n                                \r\n        <\/div>\r\n    <\/section>\r\n \r\n\t\t\t\t\t\t<\/div>\n\t\t\t\t<\/div>\n\t\t\t\t<\/div>\n\t\t<div class=\"elementor-element elementor-element-103a7cd e-con-full e-flex e-con e-child\" data-id=\"103a7cd\" data-element_type=\"container\" data-e-type=\"container\">\n\t\t<div class=\"elementor-element elementor-element-640d7cd e-con-full e-flex e-con e-child\" data-id=\"640d7cd\" data-element_type=\"container\" data-e-type=\"container\">\n\t\t\t\t<div class=\"elementor-element elementor-element-b981741 elementor-widget elementor-widget-nioland-icon-v1\" data-id=\"b981741\" data-element_type=\"widget\" data-e-type=\"widget\" data-widget_type=\"nioland-icon-v1.default\">\n\t\t\t\t<div class=\"elementor-widget-container\">\n\t\t\t\t\t        \r\n                <div class=\"icon_box_only type_one\">\r\n                                    <div class=\"icon\">\r\n                    <i class=\" ni-mail\"><\/i>\r\n                <\/div> \r\n                \t\t\r\n                                        <div class=\"title_24\">\r\n                    <a href=\"mailto:contacto@isasoft.net\"   >    \r\n                        Envianos tus dudas                    <\/a>\r\n                <\/div>\r\n                                            <p>\u00bfTienes dudas o necesitas m\u00e1s informaci\u00f3n? Nuestro equipo est\u00e1 listo para ayudarte.<\/p>\r\n                        \r\n                            <a class=\"rd_more\" href=\"mailto:contacto@isasoft.net\"   >\r\n                    contacto@isasoft.net<i class=\"ni-arrow-right\"><\/i>\r\n                <\/a> \r\n             \r\n    <\/div>\r\n            \r\n\r\n    \t\t\t\t<\/div>\n\t\t\t\t<\/div>\n\t\t\t\t<\/div>\n\t\t<div class=\"elementor-element elementor-element-8f1c5f0 e-con-full e-flex e-con e-child\" data-id=\"8f1c5f0\" data-element_type=\"container\" data-e-type=\"container\">\n\t\t\t\t<div class=\"elementor-element elementor-element-b2205a7 elementor-widget elementor-widget-nioland-icon-v1\" data-id=\"b2205a7\" data-element_type=\"widget\" data-e-type=\"widget\" data-widget_type=\"nioland-icon-v1.default\">\n\t\t\t\t<div class=\"elementor-widget-container\">\n\t\t\t\t\t        \r\n                <div class=\"icon_box_only type_one\">\r\n                                    <div class=\"icon\">\r\n                    <i class=\" ni-whatsapp1\"><\/i>\r\n                <\/div> \r\n                \t\t\r\n                                        <div class=\"title_24\">\r\n                    <a href=\"https:\/\/wa.me\/529931127136\"   >    \r\n                        Hablemos por WhatsApp                    <\/a>\r\n                <\/div>\r\n                                            <p>\u00bfQuieres una respuesta r\u00e1pida? Escr\u00edbenos directo y con gusto te atendemos.<\/p>\r\n                        \r\n                            <a class=\"rd_more\" href=\"https:\/\/wa.me\/529931127136\"   >\r\n                    +52 993 112 7136<i class=\"ni-arrow-right\"><\/i>\r\n                <\/a> \r\n             \r\n    <\/div>\r\n            \r\n\r\n    \t\t\t\t<\/div>\n\t\t\t\t<\/div>\n\t\t\t\t<\/div>\n\t\t\t\t<\/div>\n\t\t\t\t\t<\/div>\n\t\t\t\t<\/div>\n\t\t\t\t<\/div>\n\t\t","protected":false},"excerpt":{"rendered":"<p>CONTACTO CON SOPORTE T\u00c9CNICO Cont\u00e1ctanos Cont\u00e1ctanos para obtener asistencia personalizada. Estamos aqu\u00ed para ayudarte y ofrecerte soluciones adaptadas a tus necesidades. Nombre personal Nombre de empresa que representa Correo electr\u00f3nico e-mail Desarrollo de Sistema Inform\u00e1tico (Software y Redes)Seguridad Inform\u00e1tica Intangible y TangibleServicios de Gesti\u00f3n de \u00c1reas y\/o Procesos de Tecnolog\u00edas de la Informaci\u00f3n Lugar de [&hellip;]<\/p>\n","protected":false},"author":3,"featured_media":0,"parent":0,"menu_order":0,"comment_status":"closed","ping_status":"closed","template":"elementor_header_footer","meta":{"footnotes":""},"class_list":["post-7683","page","type-page","status-publish","hentry"],"_links":{"self":[{"href":"https:\/\/isasoft.net\/index.php\/wp-json\/wp\/v2\/pages\/7683","targetHints":{"allow":["GET"]}}],"collection":[{"href":"https:\/\/isasoft.net\/index.php\/wp-json\/wp\/v2\/pages"}],"about":[{"href":"https:\/\/isasoft.net\/index.php\/wp-json\/wp\/v2\/types\/page"}],"author":[{"embeddable":true,"href":"https:\/\/isasoft.net\/index.php\/wp-json\/wp\/v2\/users\/3"}],"replies":[{"embeddable":true,"href":"https:\/\/isasoft.net\/index.php\/wp-json\/wp\/v2\/comments?post=7683"}],"version-history":[{"count":25,"href":"https:\/\/isasoft.net\/index.php\/wp-json\/wp\/v2\/pages\/7683\/revisions"}],"predecessor-version":[{"id":7790,"href":"https:\/\/isasoft.net\/index.php\/wp-json\/wp\/v2\/pages\/7683\/revisions\/7790"}],"wp:attachment":[{"href":"https:\/\/isasoft.net\/index.php\/wp-json\/wp\/v2\/media?parent=7683"}],"curies":[{"name":"wp","href":"https:\/\/api.w.org\/{rel}","templated":true}]}}